{"id":1520,"date":"2024-07-03T08:09:20","date_gmt":"2024-07-03T08:09:20","guid":{"rendered":"http:\/\/192.168.0.235:10004\/?page_id=1520"},"modified":"2025-12-18T06:44:00","modified_gmt":"2025-12-18T06:44:00","slug":"anxiety-treatment","status":"publish","type":"page","link":"https:\/\/www.upeka.com.tr\/?page_id=1520","title":{"rendered":"Y\u00f6netici Ko\u00e7lu\u011fu"},"content":{"rendered":"\t\t<div data-elementor-type=\"wp-page\" data-elementor-id=\"1520\" class=\"elementor elementor-1520\">\n\t\t\t\t<div class=\"elementor-element elementor-element-f7375eb e-flex e-con-boxed rt-default-class e-con e-parent\" data-id=\"f7375eb\" data-element_type=\"container\">\n\t\t\t\t\t<div class=\"e-con-inner\">\n\t\t<div class=\"elementor-element elementor-element-585bf28c e-con-full e-flex rt-default-class e-con e-child\" data-id=\"585bf28c\" data-element_type=\"container\">\n\t\t\t\t<div class=\"elementor-element elementor-element-7921b1e1 rt-default-class elementor-widget elementor-widget-react-heading\" data-id=\"7921b1e1\" data-element_type=\"widget\" data-widget_type=\"react-heading.default\">\n\t\t\t\t<div class=\"elementor-widget-container\">\n\t\t\t\t\t\t\t<div class=\"animation-wow fadeInUp react-heading default\">\r\n\t\t\t<div class=\"title-inner\">\r\n\t\t\t\t<div class=\"wow fadeInUp\"><h2 class=\"title word-line\">Y\u00f6netici Ko\u00e7lu\u011fu<\/h2><\/div>\t\t\t<\/div>\r\n\t\t\t\r\n\t\t\t\t\t\t\t<div class=\"description wow fadeInUp \">\r\n\t\t\t\t\t<p>Y\u00f6neticilerin tekrar eden d\u00fc\u015f\u00fcnce ve inan\u00e7 kal\u0131plar\u0131ndan ayr\u0131\u015farak fark\u0131ndal\u0131klar\u0131n\u0131 ve y\u00f6netsel yetkinliklerini geli\u015ftirmelerine, kurum hedefleri ile hizal\u0131 etkin liderler olma yolculuklar\u0131na e\u015flik ederiz.<\/p>\t\t\t\t<\/div>\r\n\t\t\t\t\t\t\t\t<\/div>\t\t\t\r\n\t\t\t\t\t<\/div>\n\t\t\t\t<\/div>\n\t\t\t\t<\/div>\n\t\t<div class=\"elementor-element elementor-element-15af01cb e-con-full e-flex rt-default-class e-con e-child\" data-id=\"15af01cb\" data-element_type=\"container\">\n\t\t\t\t<div class=\"elementor-element elementor-element-29096bb7 rt-default-class elementor-widget elementor-widget-image\" data-id=\"29096bb7\" data-element_type=\"widget\" data-widget_type=\"image.default\">\n\t\t\t\t\t\t\t\t\t\t\t\t\t\t\t<img fetchpriority=\"high\" decoding=\"async\" width=\"2560\" height=\"1708\" src=\"https:\/\/www.upeka.com.tr\/wp-content\/uploads\/2025\/12\/concept-of-business-strategy-2024-11-05-10-59-16-utc-scaled.jpg\" class=\"attachment-full size-full wp-image-3177\" alt=\"\" srcset=\"https:\/\/www.upeka.com.tr\/wp-content\/uploads\/2025\/12\/concept-of-business-strategy-2024-11-05-10-59-16-utc-scaled.jpg 2560w, https:\/\/www.upeka.com.tr\/wp-content\/uploads\/2025\/12\/concept-of-business-strategy-2024-11-05-10-59-16-utc-300x200.jpg 300w, https:\/\/www.upeka.com.tr\/wp-content\/uploads\/2025\/12\/concept-of-business-strategy-2024-11-05-10-59-16-utc-1024x683.jpg 1024w, https:\/\/www.upeka.com.tr\/wp-content\/uploads\/2025\/12\/concept-of-business-strategy-2024-11-05-10-59-16-utc-768x512.jpg 768w, https:\/\/www.upeka.com.tr\/wp-content\/uploads\/2025\/12\/concept-of-business-strategy-2024-11-05-10-59-16-utc-1536x1025.jpg 1536w, https:\/\/www.upeka.com.tr\/wp-content\/uploads\/2025\/12\/concept-of-business-strategy-2024-11-05-10-59-16-utc-2048x1366.jpg 2048w\" sizes=\"(max-width: 2560px) 100vw, 2560px\" \/>\t\t\t\t\t\t\t\t\t\t\t\t\t\t\t<\/div>\n\t\t\t\t<\/div>\n\t\t\t\t\t<\/div>\n\t\t\t\t<\/div>\n\t\t\t\t<\/div>\n\t\t","protected":false},"excerpt":{"rendered":"<p>Y\u00f6netici Ko\u00e7lu\u011fu Y\u00f6neticilerin tekrar eden d\u00fc\u015f\u00fcnce ve inan\u00e7 kal\u0131plar\u0131ndan ayr\u0131\u015farak fark\u0131ndal\u0131klar\u0131n\u0131 ve y\u00f6netsel yetkinliklerini geli\u015ftirmelerine, kurum hedefleri ile hizal\u0131 etkin liderler olma yolculuklar\u0131na e\u015flik ederiz.<\/p>\n","protected":false},"author":1,"featured_media":0,"parent":0,"menu_order":0,"comment_status":"closed","ping_status":"closed","template":"elementor_header_footer","meta":{"_monsterinsights_skip_tracking":false,"_monsterinsights_sitenote_active":false,"_monsterinsights_sitenote_note":"","_monsterinsights_sitenote_category":0,"footnotes":""},"class_list":["post-1520","page","type-page","status-publish","hentry"],"aioseo_notices":[],"_links":{"self":[{"href":"https:\/\/www.upeka.com.tr\/index.php?rest_route=\/wp\/v2\/pages\/1520","targetHints":{"allow":["GET"]}}],"collection":[{"href":"https:\/\/www.upeka.com.tr\/index.php?rest_route=\/wp\/v2\/pages"}],"about":[{"href":"https:\/\/www.upeka.com.tr\/index.php?rest_route=\/wp\/v2\/types\/page"}],"author":[{"embeddable":true,"href":"https:\/\/www.upeka.com.tr\/index.php?rest_route=\/wp\/v2\/users\/1"}],"replies":[{"embeddable":true,"href":"https:\/\/www.upeka.com.tr\/index.php?rest_route=%2Fwp%2Fv2%2Fcomments&post=1520"}],"version-history":[{"count":10,"href":"https:\/\/www.upeka.com.tr\/index.php?rest_route=\/wp\/v2\/pages\/1520\/revisions"}],"predecessor-version":[{"id":3359,"href":"https:\/\/www.upeka.com.tr\/index.php?rest_route=\/wp\/v2\/pages\/1520\/revisions\/3359"}],"wp:attachment":[{"href":"https:\/\/www.upeka.com.tr\/index.php?rest_route=%2Fwp%2Fv2%2Fmedia&parent=1520"}],"curies":[{"name":"wp","href":"https:\/\/api.w.org\/{rel}","templated":true}]}}