{"id":2910,"date":"2025-10-02T20:21:21","date_gmt":"2025-10-02T20:21:21","guid":{"rendered":"https:\/\/www.upeka.com.tr\/?page_id=2910"},"modified":"2025-12-17T22:20:56","modified_gmt":"2025-12-17T22:20:56","slug":"egitim-danismanligi","status":"publish","type":"page","link":"https:\/\/www.upeka.com.tr\/?page_id=2910","title":{"rendered":"E\u011fitim Dan\u0131\u015fmanl\u0131\u011f\u0131"},"content":{"rendered":"\t\t<div data-elementor-type=\"wp-page\" data-elementor-id=\"2910\" class=\"elementor elementor-2910\">\n\t\t\t\t<div class=\"elementor-element elementor-element-f7375eb e-flex e-con-boxed rt-default-class e-con e-parent\" data-id=\"f7375eb\" data-element_type=\"container\">\n\t\t\t\t\t<div class=\"e-con-inner\">\n\t\t<div class=\"elementor-element elementor-element-585bf28c e-con-full e-flex rt-default-class e-con e-child\" data-id=\"585bf28c\" data-element_type=\"container\">\n\t\t\t\t<div class=\"elementor-element elementor-element-7921b1e1 rt-default-class elementor-widget elementor-widget-react-heading\" data-id=\"7921b1e1\" data-element_type=\"widget\" data-widget_type=\"react-heading.default\">\n\t\t\t\t<div class=\"elementor-widget-container\">\n\t\t\t\t\t\t\t<div class=\"animation-wow fadeInUp react-heading default\">\r\n\t\t\t<div class=\"title-inner\">\r\n\t\t\t\t<div class=\"wow fadeInUp\"><h2 class=\"title word-line\">E\u011fitim Dan\u0131\u015fmanl\u0131\u011f\u0131<\/h2><\/div>\t\t\t<\/div>\r\n\t\t\t\r\n\t\t\t\t\t\t\t<div class=\"description wow fadeInUp \">\r\n\t\t\t\t\t<p>Kurumunuzun hedefleri ve ihtiya\u00e7 analizi ile hizal\u0131, \u00f6\u011frenme tasar\u0131m\u0131 ilkeleriyle uyumlu, i\u00e7eriden d\u0131\u015far\u0131 geli\u015fim bak\u0131\u015f a\u00e7\u0131s\u0131yla; liderlik geli\u015fim program\u0131, i\u00e7 ko\u00e7luk ve mentorluk program\u0131, gen\u00e7 yetenek program\u0131, IK geli\u015fim program\u0131 tasarlama s\u00fcrecinize e\u015flik ederiz.<\/p>\t\t\t\t<\/div>\r\n\t\t\t\t\t\t\t\t<\/div>\t\t\t\r\n\t\t\t\t\t<\/div>\n\t\t\t\t<\/div>\n\t\t\t\t<\/div>\n\t\t<div class=\"elementor-element elementor-element-15af01cb e-con-full e-flex rt-default-class e-con e-child\" data-id=\"15af01cb\" data-element_type=\"container\">\n\t\t\t\t<div class=\"elementor-element elementor-element-29096bb7 rt-default-class elementor-widget elementor-widget-image\" data-id=\"29096bb7\" data-element_type=\"widget\" data-widget_type=\"image.default\">\n\t\t\t\t\t\t\t\t\t\t\t\t\t\t\t<img fetchpriority=\"high\" decoding=\"async\" width=\"2560\" height=\"1707\" src=\"https:\/\/www.upeka.com.tr\/wp-content\/uploads\/2025\/12\/group-of-businessman-working-and-discussing-about-2024-12-04-15-49-35-utc-scaled.jpg\" class=\"attachment-full size-full wp-image-3352\" alt=\"\" srcset=\"https:\/\/www.upeka.com.tr\/wp-content\/uploads\/2025\/12\/group-of-businessman-working-and-discussing-about-2024-12-04-15-49-35-utc-scaled.jpg 2560w, https:\/\/www.upeka.com.tr\/wp-content\/uploads\/2025\/12\/group-of-businessman-working-and-discussing-about-2024-12-04-15-49-35-utc-300x200.jpg 300w, https:\/\/www.upeka.com.tr\/wp-content\/uploads\/2025\/12\/group-of-businessman-working-and-discussing-about-2024-12-04-15-49-35-utc-1024x683.jpg 1024w, https:\/\/www.upeka.com.tr\/wp-content\/uploads\/2025\/12\/group-of-businessman-working-and-discussing-about-2024-12-04-15-49-35-utc-768x512.jpg 768w, https:\/\/www.upeka.com.tr\/wp-content\/uploads\/2025\/12\/group-of-businessman-working-and-discussing-about-2024-12-04-15-49-35-utc-1536x1024.jpg 1536w, https:\/\/www.upeka.com.tr\/wp-content\/uploads\/2025\/12\/group-of-businessman-working-and-discussing-about-2024-12-04-15-49-35-utc-2048x1365.jpg 2048w\" sizes=\"(max-width: 2560px) 100vw, 2560px\" \/>\t\t\t\t\t\t\t\t\t\t\t\t\t\t\t<\/div>\n\t\t\t\t<\/div>\n\t\t\t\t\t<\/div>\n\t\t\t\t<\/div>\n\t\t\t\t<\/div>\n\t\t","protected":false},"excerpt":{"rendered":"<p>E\u011fitim Dan\u0131\u015fmanl\u0131\u011f\u0131 Kurumunuzun hedefleri ve ihtiya\u00e7 analizi ile hizal\u0131, \u00f6\u011frenme tasar\u0131m\u0131 ilkeleriyle uyumlu, i\u00e7eriden d\u0131\u015far\u0131 geli\u015fim bak\u0131\u015f a\u00e7\u0131s\u0131yla; liderlik geli\u015fim program\u0131, i\u00e7 ko\u00e7luk ve mentorluk program\u0131, gen\u00e7 yetenek program\u0131, IK geli\u015fim program\u0131 tasarlama s\u00fcrecinize e\u015flik ederiz.<\/p>\n","protected":false},"author":2,"featured_media":0,"parent":0,"menu_order":0,"comment_status":"closed","ping_status":"closed","template":"elementor_header_footer","meta":{"_monsterinsights_skip_tracking":false,"_monsterinsights_sitenote_active":false,"_monsterinsights_sitenote_note":"","_monsterinsights_sitenote_category":0,"footnotes":""},"class_list":["post-2910","page","type-page","status-publish","hentry"],"aioseo_notices":[],"_links":{"self":[{"href":"https:\/\/www.upeka.com.tr\/index.php?rest_route=\/wp\/v2\/pages\/2910","targetHints":{"allow":["GET"]}}],"collection":[{"href":"https:\/\/www.upeka.com.tr\/index.php?rest_route=\/wp\/v2\/pages"}],"about":[{"href":"https:\/\/www.upeka.com.tr\/index.php?rest_route=\/wp\/v2\/types\/page"}],"author":[{"embeddable":true,"href":"https:\/\/www.upeka.com.tr\/index.php?rest_route=\/wp\/v2\/users\/2"}],"replies":[{"embeddable":true,"href":"https:\/\/www.upeka.com.tr\/index.php?rest_route=%2Fwp%2Fv2%2Fcomments&post=2910"}],"version-history":[{"count":16,"href":"https:\/\/www.upeka.com.tr\/index.php?rest_route=\/wp\/v2\/pages\/2910\/revisions"}],"predecessor-version":[{"id":3356,"href":"https:\/\/www.upeka.com.tr\/index.php?rest_route=\/wp\/v2\/pages\/2910\/revisions\/3356"}],"wp:attachment":[{"href":"https:\/\/www.upeka.com.tr\/index.php?rest_route=%2Fwp%2Fv2%2Fmedia&parent=2910"}],"curies":[{"name":"wp","href":"https:\/\/api.w.org\/{rel}","templated":true}]}}