{"id":3384,"date":"2025-12-23T22:32:52","date_gmt":"2025-12-23T22:32:52","guid":{"rendered":"https:\/\/www.upeka.com.tr\/?page_id=3384"},"modified":"2025-12-23T22:43:10","modified_gmt":"2025-12-23T22:43:10","slug":"psikososyal-risk-yonetimi","status":"publish","type":"page","link":"https:\/\/www.upeka.com.tr\/?page_id=3384","title":{"rendered":"Psikososyal Risk Y\u00f6netimi"},"content":{"rendered":"\t\t<div data-elementor-type=\"wp-page\" data-elementor-id=\"3384\" class=\"elementor elementor-3384\">\n\t\t\t\t<div class=\"elementor-element elementor-element-d9bb1b9 e-flex e-con-boxed rt-default-class e-con e-parent\" data-id=\"d9bb1b9\" data-element_type=\"container\">\n\t\t\t\t\t<div class=\"e-con-inner\">\n\t\t\t\t<div class=\"elementor-element elementor-element-cc603a7 rt-default-class elementor-widget elementor-widget-spacer\" data-id=\"cc603a7\" data-element_type=\"widget\" data-widget_type=\"spacer.default\">\n\t\t\t\t\t\t\t<div class=\"elementor-spacer\">\n\t\t\t<div class=\"elementor-spacer-inner\"><\/div>\n\t\t<\/div>\n\t\t\t\t\t\t<\/div>\n\t\t\t\t\t<\/div>\n\t\t\t\t<\/div>\n\t\t<div class=\"elementor-element elementor-element-b083f36 e-con-full e-flex rt-default-class e-con e-parent\" data-id=\"b083f36\" data-element_type=\"container\">\n\t\t<div class=\"elementor-element elementor-element-76892f2 e-con-full e-flex rt-default-class e-con e-child\" data-id=\"76892f2\" data-element_type=\"container\">\n\t\t\t\t<div class=\"elementor-element elementor-element-66088c8 rt-default-class elementor-widget elementor-widget-react-heading\" data-id=\"66088c8\" data-element_type=\"widget\" data-widget_type=\"react-heading.default\">\n\t\t\t\t<div class=\"elementor-widget-container\">\n\t\t\t\t\t\t\t<div class=\"animation-wow fadeInUp react-heading default\">\r\n\t\t\t<div class=\"title-inner\">\r\n\t\t\t\t<div class=\"wow fadeInUp\"><h2 class=\"title word-line\">Psikososyal Risk Y\u00f6netimi<\/h2><\/div>\t\t\t<\/div>\r\n\t\t\t\r\n\t\t\t\t\t\t\t<div class=\"description wow fadeInUp \">\r\n\t\t\t\t\t<p>E\u011fitimlerin amac\u0131, i\u00e7eri\u011fi ve s\u00fcresi hakk\u0131nda detayl\u0131 bilgi i\u00e7in bizimle ileti\u015fime ge\u00e7in:<\/p>\t\t\t\t<\/div>\r\n\t\t\t\t\t\t\t\t<\/div>\t\t\t\r\n\t\t\t\t\t<\/div>\n\t\t\t\t<\/div>\n\t\t\t\t<div class=\"elementor-element elementor-element-c0dfe8b rt-default-class elementor-widget elementor-widget-react-heading\" data-id=\"c0dfe8b\" data-element_type=\"widget\" data-widget_type=\"react-heading.default\">\n\t\t\t\t<div class=\"elementor-widget-container\">\n\t\t\t\t\t\t\t<div class=\"animation-wow fadeInUp react-heading default\">\r\n\t\t\t<div class=\"title-inner\">\r\n\t\t\t\t\t\t\t<\/div>\r\n\t\t\t\r\n\t\t\t\t\t\t\t\t\t\t<div class=\"rt-button wow fadeInUp \">\r\n\t\t\t\t\t\t\t\t\t\t<a class=\"btn-main\" href=\"mailto:info@upeka.com.tr\" >\r\n\t\t\t\t\t\t<span >\u0130leti\u015fime Ge\u00e7<\/span>\r\n\t\t\t\t\t\t\t\t\t\t\t<\/a>\r\n\r\n\t\t\t\t<\/div>\r\n\t\t\t\t\t<\/div>\t\t\t\r\n\t\t\t\t\t<\/div>\n\t\t\t\t<\/div>\n\t\t\t\t<\/div>\n\t\t\t\t<\/div>\n\t\t<div class=\"elementor-element elementor-element-7a893e9 e-flex e-con-boxed rt-default-class e-con e-parent\" data-id=\"7a893e9\" data-element_type=\"container\">\n\t\t\t\t\t<div class=\"e-con-inner\">\n\t\t<div class=\"elementor-element elementor-element-18b3c5f e-con-full e-flex rt-default-class e-con e-child\" data-id=\"18b3c5f\" data-element_type=\"container\">\n\t\t\t\t<div class=\"elementor-element elementor-element-f973ff3 elementor-widget__width-inherit rt-default-class elementor-widget elementor-widget-rt-portfolio-grid\" data-id=\"f973ff3\" data-element_type=\"widget\" data-widget_type=\"rt-portfolio-grid.default\">\n\t\t\t\t<div class=\"elementor-widget-container\">\n\t\t\t\t\t<div class=\"row\"> \t\r\n\t\t<div class=\"col-lg-9 rt-portfolio-style2 grid-portfolio\">\r\n\t\t<div class=\"grid\">\r\n\t\t\t<div class=\"row\">\r\n\t\t\t\t\r\n\t<div class=\"col-lg-4 col-md-6 col-xs-1 text-center grid-item filter_bilgi-al \">\r\n\t\t\t\t\r\n\t\t\t\r\n\t\t\t\r\n\t\t\t<a  href=\"https:\/\/www.upeka.com.tr\/?rt-portfolios=psikososyal-risk-yonetimi-egitimi\" class=\"d-block hover\">\r\n\t\t\t\t<div class=\"relative overflow-hidden rounded-20px\">\r\n\t\t\t\t\t<div class=\"absolute start-0 w-100 abs-middle fs-36 text-white text-center\">\r\n\t\t\t\t\t\t<span class=\"btn-main hover-scale-in-2\">Read More<\/span>\r\n\t\t\t\t\t<\/div>\r\n\t\t\t\t\t<img fetchpriority=\"high\" decoding=\"async\" width=\"1080\" height=\"1080\" src=\"https:\/\/www.upeka.com.tr\/wp-content\/uploads\/2025\/08\/222.jpg\" class=\"attachment-full size-full wp-post-image\" alt=\"\" srcset=\"https:\/\/www.upeka.com.tr\/wp-content\/uploads\/2025\/08\/222.jpg 1080w, https:\/\/www.upeka.com.tr\/wp-content\/uploads\/2025\/08\/222-300x300.jpg 300w, https:\/\/www.upeka.com.tr\/wp-content\/uploads\/2025\/08\/222-1024x1024.jpg 1024w, https:\/\/www.upeka.com.tr\/wp-content\/uploads\/2025\/08\/222-150x150.jpg 150w, https:\/\/www.upeka.com.tr\/wp-content\/uploads\/2025\/08\/222-768x768.jpg 768w, https:\/\/www.upeka.com.tr\/wp-content\/uploads\/2025\/08\/222-87x87.jpg 87w\" sizes=\"(max-width: 1080px) 100vw, 1080px\" \/>\t\t\t\t<\/div>\r\n\t\t\t<\/a>\r\n\t\t\t<h4 class=\"mt-3 mb-0\">Psikososyal Risk Y\u00f6netimi E\u011fitimi<\/h4>\r\n\t\t\t<p class=\"mb-2\"> <a href=\"https:\/\/www.upeka.com.tr\/?rt-portfolio-category=bilgi-al\" rel=\"tag\">Bilgi Al<\/a><\/p>\r\n\t\t\r\n           \r\n        \r\n    <\/div>\t\t\r\n\t\r\n\t<div class=\"col-lg-4 col-md-6 col-xs-1 text-center grid-item filter_bilgi-al \">\r\n\t\t\t\t\r\n\t\t\t\r\n\t\t\t\r\n\t\t\t<a  href=\"https:\/\/www.upeka.com.tr\/?rt-portfolios=psikososyal-risk-degerlendirme-uygulama-surec-danismanligi\" class=\"d-block hover\">\r\n\t\t\t\t<div class=\"relative overflow-hidden rounded-20px\">\r\n\t\t\t\t\t<div class=\"absolute start-0 w-100 abs-middle fs-36 text-white text-center\">\r\n\t\t\t\t\t\t<span class=\"btn-main hover-scale-in-2\">Read More<\/span>\r\n\t\t\t\t\t<\/div>\r\n\t\t\t\t\t<img decoding=\"async\" width=\"1080\" height=\"1080\" src=\"https:\/\/www.upeka.com.tr\/wp-content\/uploads\/2025\/08\/12222.jpg\" class=\"attachment-full size-full wp-post-image\" alt=\"\" srcset=\"https:\/\/www.upeka.com.tr\/wp-content\/uploads\/2025\/08\/12222.jpg 1080w, https:\/\/www.upeka.com.tr\/wp-content\/uploads\/2025\/08\/12222-300x300.jpg 300w, https:\/\/www.upeka.com.tr\/wp-content\/uploads\/2025\/08\/12222-1024x1024.jpg 1024w, https:\/\/www.upeka.com.tr\/wp-content\/uploads\/2025\/08\/12222-150x150.jpg 150w, https:\/\/www.upeka.com.tr\/wp-content\/uploads\/2025\/08\/12222-768x768.jpg 768w, https:\/\/www.upeka.com.tr\/wp-content\/uploads\/2025\/08\/12222-87x87.jpg 87w\" sizes=\"(max-width: 1080px) 100vw, 1080px\" \/>\t\t\t\t<\/div>\r\n\t\t\t<\/a>\r\n\t\t\t<h4 class=\"mt-3 mb-0\">Psikososyal Risk De\u011ferlendirme Uygulama &#038; S\u00fcre\u00e7 Dan\u0131\u015fmanl\u0131\u011f\u0131<\/h4>\r\n\t\t\t<p class=\"mb-2\"> <a href=\"https:\/\/www.upeka.com.tr\/?rt-portfolio-category=bilgi-al\" rel=\"tag\">Bilgi Al<\/a><\/p>\r\n\t\t\r\n           \r\n        \r\n    <\/div>\t\t\r\n\t  \r\n\t\t\t<\/div>\r\n\t\t<\/div>\r\n\t<\/div>\r\n\r\n\t\t\t<\/div>\r\n\t\t\t\t\t<\/div>\n\t\t\t\t<\/div>\n\t\t\t\t<\/div>\n\t\t\t\t\t<\/div>\n\t\t\t\t<\/div>\n\t\t\t\t<\/div>\n\t\t","protected":false},"excerpt":{"rendered":"<p>Psikososyal Risk Y\u00f6netimi E\u011fitimlerin amac\u0131, i\u00e7eri\u011fi ve s\u00fcresi hakk\u0131nda detayl\u0131 bilgi i\u00e7in bizimle ileti\u015fime ge\u00e7in: \u0130leti\u015fime Ge\u00e7 Read More Psikososyal Risk Y\u00f6netimi E\u011fitimi Bilgi Al Read More Psikososyal Risk De\u011ferlendirme Uygulama &#038; S\u00fcre\u00e7 Dan\u0131\u015fmanl\u0131\u011f\u0131 Bilgi Al<\/p>\n","protected":false},"author":2,"featured_media":0,"parent":0,"menu_order":0,"comment_status":"closed","ping_status":"closed","template":"","meta":{"_monsterinsights_skip_tracking":false,"_monsterinsights_sitenote_active":false,"_monsterinsights_sitenote_note":"","_monsterinsights_sitenote_category":0,"footnotes":""},"class_list":["post-3384","page","type-page","status-publish","hentry"],"aioseo_notices":[],"_links":{"self":[{"href":"https:\/\/www.upeka.com.tr\/index.php?rest_route=\/wp\/v2\/pages\/3384","targetHints":{"allow":["GET"]}}],"collection":[{"href":"https:\/\/www.upeka.com.tr\/index.php?rest_route=\/wp\/v2\/pages"}],"about":[{"href":"https:\/\/www.upeka.com.tr\/index.php?rest_route=\/wp\/v2\/types\/page"}],"author":[{"embeddable":true,"href":"https:\/\/www.upeka.com.tr\/index.php?rest_route=\/wp\/v2\/users\/2"}],"replies":[{"embeddable":true,"href":"https:\/\/www.upeka.com.tr\/index.php?rest_route=%2Fwp%2Fv2%2Fcomments&post=3384"}],"version-history":[{"count":10,"href":"https:\/\/www.upeka.com.tr\/index.php?rest_route=\/wp\/v2\/pages\/3384\/revisions"}],"predecessor-version":[{"id":3403,"href":"https:\/\/www.upeka.com.tr\/index.php?rest_route=\/wp\/v2\/pages\/3384\/revisions\/3403"}],"wp:attachment":[{"href":"https:\/\/www.upeka.com.tr\/index.php?rest_route=%2Fwp%2Fv2%2Fmedia&parent=3384"}],"curies":[{"name":"wp","href":"https:\/\/api.w.org\/{rel}","templated":true}]}}