{"id":414,"date":"2024-06-24T11:43:02","date_gmt":"2024-06-24T11:43:02","guid":{"rendered":"http:\/\/192.168.0.235:10022\/?page_id=414"},"modified":"2025-12-18T22:12:12","modified_gmt":"2025-12-18T22:12:12","slug":"study-case","status":"publish","type":"page","link":"https:\/\/www.upeka.com.tr\/?page_id=414","title":{"rendered":"E\u011fitimler"},"content":{"rendered":"\t\t<div data-elementor-type=\"wp-page\" data-elementor-id=\"414\" class=\"elementor elementor-414\">\n\t\t\t\t<div class=\"elementor-element elementor-element-d9bb1b9 e-flex e-con-boxed rt-default-class e-con e-parent\" data-id=\"d9bb1b9\" data-element_type=\"container\">\n\t\t\t\t\t<div class=\"e-con-inner\">\n\t\t\t\t<div class=\"elementor-element elementor-element-cc603a7 rt-default-class elementor-widget elementor-widget-spacer\" data-id=\"cc603a7\" data-element_type=\"widget\" data-widget_type=\"spacer.default\">\n\t\t\t\t\t\t\t<div class=\"elementor-spacer\">\n\t\t\t<div class=\"elementor-spacer-inner\"><\/div>\n\t\t<\/div>\n\t\t\t\t\t\t<\/div>\n\t\t\t\t\t<\/div>\n\t\t\t\t<\/div>\n\t\t<div class=\"elementor-element elementor-element-b083f36 e-con-full e-flex rt-default-class e-con e-parent\" data-id=\"b083f36\" data-element_type=\"container\">\n\t\t<div class=\"elementor-element elementor-element-76892f2 e-con-full e-flex rt-default-class e-con e-child\" data-id=\"76892f2\" data-element_type=\"container\">\n\t\t\t\t<div class=\"elementor-element elementor-element-66088c8 rt-default-class elementor-widget elementor-widget-react-heading\" data-id=\"66088c8\" data-element_type=\"widget\" data-widget_type=\"react-heading.default\">\n\t\t\t\t<div class=\"elementor-widget-container\">\n\t\t\t\t\t\t\t<div class=\"animation-wow fadeInUp react-heading default\">\r\n\t\t\t<div class=\"title-inner\">\r\n\t\t\t\t<div class=\"wow fadeInUp\"><h2 class=\"title word-line\">E\u011fitimler<\/h2><\/div>\t\t\t<\/div>\r\n\t\t\t\r\n\t\t\t\t\t\t\t<div class=\"description wow fadeInUp \">\r\n\t\t\t\t\t<p>Y\u00f6neticilerin ve t\u00fcm \u00e7al\u0131\u015fanlar\u0131n fark\u0131ndal\u0131klar\u0131n\u0131 ve yetkinliklerini geli\u015ftirmelerine, i\u00e7 kaynaklar\u0131n\u0131 harekete ge\u00e7irmelerine destek olmak \u00fczere \u00fc\u00e7 temel kategori alt\u0131nda toplanm\u0131\u015f 20\u2019den fazla e\u011fitim ba\u015fl\u0131\u011f\u0131yla hizmet sunuyoruz.<\/p><p>E\u011fitimlerin amac\u0131, i\u00e7eri\u011fi ve s\u00fcresi hakk\u0131nda detayl\u0131 bilgi i\u00e7in bizimle ileti\u015fime ge\u00e7in:<\/p>\t\t\t\t<\/div>\r\n\t\t\t\t\t\t\t\t<\/div>\t\t\t\r\n\t\t\t\t\t<\/div>\n\t\t\t\t<\/div>\n\t\t\t\t<div class=\"elementor-element elementor-element-c0dfe8b rt-default-class elementor-widget elementor-widget-react-heading\" data-id=\"c0dfe8b\" data-element_type=\"widget\" data-widget_type=\"react-heading.default\">\n\t\t\t\t<div class=\"elementor-widget-container\">\n\t\t\t\t\t\t\t<div class=\"animation-wow fadeInUp react-heading default\">\r\n\t\t\t<div class=\"title-inner\">\r\n\t\t\t\t\t\t\t<\/div>\r\n\t\t\t\r\n\t\t\t\t\t\t\t\t\t\t<div class=\"rt-button wow fadeInUp \">\r\n\t\t\t\t\t\t\t\t\t\t<a class=\"btn-main\" href=\"mailto:info@upeka.com.tr\" >\r\n\t\t\t\t\t\t<span >\u0130leti\u015fime Ge\u00e7<\/span>\r\n\t\t\t\t\t\t\t\t\t\t\t<\/a>\r\n\r\n\t\t\t\t<\/div>\r\n\t\t\t\t\t<\/div>\t\t\t\r\n\t\t\t\t\t<\/div>\n\t\t\t\t<\/div>\n\t\t\t\t<\/div>\n\t\t\t\t<\/div>\n\t\t<div class=\"elementor-element elementor-element-7a893e9 e-flex e-con-boxed rt-default-class e-con e-parent\" data-id=\"7a893e9\" data-element_type=\"container\">\n\t\t\t\t\t<div class=\"e-con-inner\">\n\t\t<div class=\"elementor-element elementor-element-18b3c5f e-con-full e-flex rt-default-class e-con e-child\" data-id=\"18b3c5f\" data-element_type=\"container\">\n\t\t\t\t<div class=\"elementor-element elementor-element-f973ff3 elementor-widget__width-inherit rt-default-class elementor-widget elementor-widget-rt-portfolio-grid\" data-id=\"f973ff3\" data-element_type=\"widget\" data-widget_type=\"rt-portfolio-grid.default\">\n\t\t\t\t<div class=\"elementor-widget-container\">\n\t\t\t\t\t<div class=\"row\"> \t\r\n\t\t<div class=\"col-lg-9 rt-portfolio-style2 grid-portfolio\">\r\n\t\t<div class=\"grid\">\r\n\t\t\t<div class=\"row\">\r\n\t\t\t\t\r\n\t<div class=\"col-lg-4 col-md-6 col-xs-1 text-center grid-item filter_egitimler \">\r\n\t\t\t\t\r\n\t\t\t\r\n\t\t\t\r\n\t\t\t<a  href=\"https:\/\/www.upeka.com.tr\/?rt-portfolios=kendini-yonetmek-2\" class=\"d-block hover\">\r\n\t\t\t\t<div class=\"relative overflow-hidden rounded-20px\">\r\n\t\t\t\t\t<div class=\"absolute start-0 w-100 abs-middle fs-36 text-white text-center\">\r\n\t\t\t\t\t\t<span class=\"btn-main hover-scale-in-2\">Read More<\/span>\r\n\t\t\t\t\t<\/div>\r\n\t\t\t\t\t<img fetchpriority=\"high\" decoding=\"async\" width=\"1080\" height=\"1080\" src=\"https:\/\/www.upeka.com.tr\/wp-content\/uploads\/2025\/09\/1.png\" class=\"attachment-full size-full wp-post-image\" alt=\"\" srcset=\"https:\/\/www.upeka.com.tr\/wp-content\/uploads\/2025\/09\/1.png 1080w, https:\/\/www.upeka.com.tr\/wp-content\/uploads\/2025\/09\/1-300x300.png 300w, https:\/\/www.upeka.com.tr\/wp-content\/uploads\/2025\/09\/1-1024x1024.png 1024w, https:\/\/www.upeka.com.tr\/wp-content\/uploads\/2025\/09\/1-150x150.png 150w, https:\/\/www.upeka.com.tr\/wp-content\/uploads\/2025\/09\/1-768x768.png 768w, https:\/\/www.upeka.com.tr\/wp-content\/uploads\/2025\/09\/1-87x87.png 87w\" sizes=\"(max-width: 1080px) 100vw, 1080px\" \/>\t\t\t\t<\/div>\r\n\t\t\t<\/a>\r\n\t\t\t<h4 class=\"mt-3 mb-0\">Kendini Y\u00f6netmek<\/h4>\r\n\t\t\t<p class=\"mb-2\"> <a href=\"https:\/\/www.upeka.com.tr\/?rt-portfolio-category=egitimler\" rel=\"tag\">E\u011fitimler<\/a><\/p>\r\n\t\t\r\n           \r\n        \r\n    <\/div>\t\t\r\n\t\r\n\t<div class=\"col-lg-4 col-md-6 col-xs-1 text-center grid-item filter_egitimler \">\r\n\t\t\t\t\r\n\t\t\t\r\n\t\t\t\r\n\t\t\t<a  href=\"https:\/\/www.upeka.com.tr\/?rt-portfolios=iletisimi-ve-iliskileri-yonetmek\" class=\"d-block hover\">\r\n\t\t\t\t<div class=\"relative overflow-hidden rounded-20px\">\r\n\t\t\t\t\t<div class=\"absolute start-0 w-100 abs-middle fs-36 text-white text-center\">\r\n\t\t\t\t\t\t<span class=\"btn-main hover-scale-in-2\">Read More<\/span>\r\n\t\t\t\t\t<\/div>\r\n\t\t\t\t\t<img decoding=\"async\" width=\"1080\" height=\"1080\" src=\"https:\/\/www.upeka.com.tr\/wp-content\/uploads\/2025\/08\/farkindalik-iletisimi.png\" class=\"attachment-full size-full wp-post-image\" alt=\"\" srcset=\"https:\/\/www.upeka.com.tr\/wp-content\/uploads\/2025\/08\/farkindalik-iletisimi.png 1080w, https:\/\/www.upeka.com.tr\/wp-content\/uploads\/2025\/08\/farkindalik-iletisimi-300x300.png 300w, https:\/\/www.upeka.com.tr\/wp-content\/uploads\/2025\/08\/farkindalik-iletisimi-1024x1024.png 1024w, https:\/\/www.upeka.com.tr\/wp-content\/uploads\/2025\/08\/farkindalik-iletisimi-150x150.png 150w, https:\/\/www.upeka.com.tr\/wp-content\/uploads\/2025\/08\/farkindalik-iletisimi-768x768.png 768w, https:\/\/www.upeka.com.tr\/wp-content\/uploads\/2025\/08\/farkindalik-iletisimi-87x87.png 87w\" sizes=\"(max-width: 1080px) 100vw, 1080px\" \/>\t\t\t\t<\/div>\r\n\t\t\t<\/a>\r\n\t\t\t<h4 class=\"mt-3 mb-0\">\u0130leti\u015fimi ve \u0130li\u015fkileri Y\u00f6netmek<\/h4>\r\n\t\t\t<p class=\"mb-2\"> <a href=\"https:\/\/www.upeka.com.tr\/?rt-portfolio-category=egitimler\" rel=\"tag\">E\u011fitimler<\/a><\/p>\r\n\t\t\r\n           \r\n        \r\n    <\/div>\t\t\r\n\t\r\n\t<div class=\"col-lg-4 col-md-6 col-xs-1 text-center grid-item filter_egitimler \">\r\n\t\t\t\t\r\n\t\t\t\r\n\t\t\t\r\n\t\t\t<a  href=\"https:\/\/www.upeka.com.tr\/?rt-portfolios=liderlik-ve-ekibi-yonetmek\" class=\"d-block hover\">\r\n\t\t\t\t<div class=\"relative overflow-hidden rounded-20px\">\r\n\t\t\t\t\t<div class=\"absolute start-0 w-100 abs-middle fs-36 text-white text-center\">\r\n\t\t\t\t\t\t<span class=\"btn-main hover-scale-in-2\">Read More<\/span>\r\n\t\t\t\t\t<\/div>\r\n\t\t\t\t\t<img decoding=\"async\" width=\"1080\" height=\"1080\" src=\"https:\/\/www.upeka.com.tr\/wp-content\/uploads\/2025\/08\/durumsal-ldierlik.jpg\" class=\"attachment-full size-full wp-post-image\" alt=\"\" srcset=\"https:\/\/www.upeka.com.tr\/wp-content\/uploads\/2025\/08\/durumsal-ldierlik.jpg 1080w, https:\/\/www.upeka.com.tr\/wp-content\/uploads\/2025\/08\/durumsal-ldierlik-300x300.jpg 300w, https:\/\/www.upeka.com.tr\/wp-content\/uploads\/2025\/08\/durumsal-ldierlik-1024x1024.jpg 1024w, https:\/\/www.upeka.com.tr\/wp-content\/uploads\/2025\/08\/durumsal-ldierlik-150x150.jpg 150w, https:\/\/www.upeka.com.tr\/wp-content\/uploads\/2025\/08\/durumsal-ldierlik-768x768.jpg 768w, https:\/\/www.upeka.com.tr\/wp-content\/uploads\/2025\/08\/durumsal-ldierlik-87x87.jpg 87w\" sizes=\"(max-width: 1080px) 100vw, 1080px\" \/>\t\t\t\t<\/div>\r\n\t\t\t<\/a>\r\n\t\t\t<h4 class=\"mt-3 mb-0\">Liderlik ve Ekibi Y\u00f6netmek<\/h4>\r\n\t\t\t<p class=\"mb-2\"> <a href=\"https:\/\/www.upeka.com.tr\/?rt-portfolio-category=egitimler\" rel=\"tag\">E\u011fitimler<\/a><\/p>\r\n\t\t\r\n           \r\n        \r\n    <\/div>\t\t\r\n\t  \r\n\t\t\t<\/div>\r\n\t\t<\/div>\r\n\t<\/div>\r\n\r\n\t\t\t<\/div>\r\n\t\t\t\t\t<\/div>\n\t\t\t\t<\/div>\n\t\t\t\t<\/div>\n\t\t\t\t\t<\/div>\n\t\t\t\t<\/div>\n\t\t\t\t<\/div>\n\t\t","protected":false},"excerpt":{"rendered":"<p>E\u011fitimler Y\u00f6neticilerin ve t\u00fcm \u00e7al\u0131\u015fanlar\u0131n fark\u0131ndal\u0131klar\u0131n\u0131 ve yetkinliklerini geli\u015ftirmelerine, i\u00e7 kaynaklar\u0131n\u0131 harekete ge\u00e7irmelerine destek olmak \u00fczere \u00fc\u00e7 temel kategori alt\u0131nda toplanm\u0131\u015f 20\u2019den fazla e\u011fitim ba\u015fl\u0131\u011f\u0131yla hizmet sunuyoruz. E\u011fitimlerin amac\u0131, i\u00e7eri\u011fi ve s\u00fcresi hakk\u0131nda detayl\u0131 bilgi i\u00e7in bizimle ileti\u015fime ge\u00e7in: \u0130leti\u015fime Ge\u00e7 Read More Kendini Y\u00f6netmek E\u011fitimler Read More \u0130leti\u015fimi ve \u0130li\u015fkileri Y\u00f6netmek E\u011fitimler Read More&#8230;<\/p>\n","protected":false},"author":1,"featured_media":0,"parent":0,"menu_order":0,"comment_status":"closed","ping_status":"closed","template":"","meta":{"_monsterinsights_skip_tracking":false,"_monsterinsights_sitenote_active":false,"_monsterinsights_sitenote_note":"","_monsterinsights_sitenote_category":0,"footnotes":""},"class_list":["post-414","page","type-page","status-publish","hentry"],"aioseo_notices":[],"_links":{"self":[{"href":"https:\/\/www.upeka.com.tr\/index.php?rest_route=\/wp\/v2\/pages\/414","targetHints":{"allow":["GET"]}}],"collection":[{"href":"https:\/\/www.upeka.com.tr\/index.php?rest_route=\/wp\/v2\/pages"}],"about":[{"href":"https:\/\/www.upeka.com.tr\/index.php?rest_route=\/wp\/v2\/types\/page"}],"author":[{"embeddable":true,"href":"https:\/\/www.upeka.com.tr\/index.php?rest_route=\/wp\/v2\/users\/1"}],"replies":[{"embeddable":true,"href":"https:\/\/www.upeka.com.tr\/index.php?rest_route=%2Fwp%2Fv2%2Fcomments&post=414"}],"version-history":[{"count":89,"href":"https:\/\/www.upeka.com.tr\/index.php?rest_route=\/wp\/v2\/pages\/414\/revisions"}],"predecessor-version":[{"id":3369,"href":"https:\/\/www.upeka.com.tr\/index.php?rest_route=\/wp\/v2\/pages\/414\/revisions\/3369"}],"wp:attachment":[{"href":"https:\/\/www.upeka.com.tr\/index.php?rest_route=%2Fwp%2Fv2%2Fmedia&parent=414"}],"curies":[{"name":"wp","href":"https:\/\/api.w.org\/{rel}","templated":true}]}}